{"id":3943,"date":"2024-07-24T21:29:30","date_gmt":"2024-07-24T19:29:30","guid":{"rendered":"https:\/\/benoitpeuch.com\/?page_id=3943"},"modified":"2025-01-07T19:23:22","modified_gmt":"2025-01-07T18:23:22","slug":"textes-de-marie-pape-capantier-en-cours","status":"publish","type":"page","link":"https:\/\/benoitpeuch.com\/?page_id=3943","title":{"rendered":"Quelques textes historiques"},"content":{"rendered":"\n<p style=\"font-size:15px\"><\/p>\n\n\n\n<p class=\"has-background\" style=\"background-color:#ff7a52;font-size:18px\">Emilie Mallet &#8211; <strong><a href=\"https:\/\/benoitpeuch.com\/?page_id=4153\">Appendice de la troisi\u00e8me \u00e9dition du <em>Manuel<\/em> de Cochin<\/a><\/strong> (1845)<\/p>\n\n\n\n<p class=\"has-background\" style=\"background-color:#ff8505;font-size:18px\">Marie Pape-Carpantier &#8211; <a href=\"https:\/\/benoitpeuch.com\/?page_id=3976\"><strong>Des le\u00e7ons de choses<\/strong><\/a> (2 articles dans la <em>Revue de l&rsquo;\u00e9ducation nouvelle<\/em> en 1849)<\/p>\n\n\n\n<p class=\"has-text-align-center has-yellow-background-color has-background\" id=\"F1\" style=\"font-size:18px\">Marie Pape-Carpantier &#8211; <a href=\"https:\/\/benoitpeuch.com\/?page_id=3964\"><strong>La question des femmes<\/strong><\/a> (2 articles sur 7 \u00e9crits pour <em>L&rsquo;\u00e9conomiste fran\u00e7ais<\/em> entre 1862 et 1863)<\/p>\n\n\n\n<p class=\"has-text-align-center has-background\" style=\"background-color:#87b8de;font-size:18px\">Marie Pape-Carpentier &#8211; <strong><a href=\"https:\/\/benoitpeuch.com\/?page_id=4008\">\u00ab&nbsp;La R\u00e9publique n&rsquo;est pas une femme \u00bb<\/a><\/strong> (<em>L&rsquo;Ami de l&rsquo;Enfance<\/em> de septembre 1870)<\/p>\n\n\n\n<p class=\"has-text-align-center has-background\" style=\"background-color:#8febe3;font-size:18px\">Jules Ferry &#8211; <strong><a href=\"https:\/\/benoitpeuch.com\/?page_id=4141\">\u00ab Morale th\u00e9ologique, morale positive, il faut choisir \u00bb<\/a><\/strong> (Discours \u00e0 la Cl\u00e9mente amiti\u00e9, 5 ao\u00fbt 1875). <\/p>\n\n\n\n<p class=\"has-text-align-center has-background\" style=\"background-color:#c7a5d0;font-size:18px\">Pauline Kergomard &#8211; <strong><a href=\"https:\/\/benoitpeuch.com\/?page_id=4070\">L&rsquo;\u00e9ducation des filles dans une d\u00e9mocratie<\/a><\/strong> (<em>La Fronde, 7 d\u00e9cembre 1899)<\/em><\/p>\n\n\n\n<p><\/p>\n","protected":false},"excerpt":{"rendered":"<p>Emilie Mallet &#8211; Appendice de la troisi\u00e8me \u00e9dition du Manuel de Cochin (1845) Marie Pape-Carpantier &#8211; Des le\u00e7ons de choses (2 articles dans la Revue de l&rsquo;\u00e9ducation nouvelle en 1849) Marie Pape-Carpantier &#8211; La question des femmes (2 articles sur 7 \u00e9crits pour L&rsquo;\u00e9conomiste fran\u00e7ais entre 1862 et 1863) Marie Pape-Carpentier &#8211; \u00ab&nbsp;La R\u00e9publique n&rsquo;est &hellip; <a href=\"https:\/\/benoitpeuch.com\/?page_id=3943\" class=\"more-link\">Continuer la lecture de <span class=\"screen-reader-text\">Quelques textes historiques<\/span><\/a><\/p>\n","protected":false},"author":1,"featured_media":0,"parent":0,"menu_order":0,"comment_status":"closed","ping_status":"closed","template":"","meta":{"footnotes":""},"class_list":["post-3943","page","type-page","status-publish","hentry"],"_links":{"self":[{"href":"https:\/\/benoitpeuch.com\/index.php?rest_route=\/wp\/v2\/pages\/3943","targetHints":{"allow":["GET"]}}],"collection":[{"href":"https:\/\/benoitpeuch.com\/index.php?rest_route=\/wp\/v2\/pages"}],"about":[{"href":"https:\/\/benoitpeuch.com\/index.php?rest_route=\/wp\/v2\/types\/page"}],"author":[{"embeddable":true,"href":"https:\/\/benoitpeuch.com\/index.php?rest_route=\/wp\/v2\/users\/1"}],"replies":[{"embeddable":true,"href":"https:\/\/benoitpeuch.com\/index.php?rest_route=%2Fwp%2Fv2%2Fcomments&post=3943"}],"version-history":[{"count":0,"href":"https:\/\/benoitpeuch.com\/index.php?rest_route=\/wp\/v2\/pages\/3943\/revisions"}],"wp:attachment":[{"href":"https:\/\/benoitpeuch.com\/index.php?rest_route=%2Fwp%2Fv2%2Fmedia&parent=3943"}],"curies":[{"name":"wp","href":"https:\/\/api.w.org\/{rel}","templated":true}]}}