{"id":4008,"date":"2024-07-31T22:46:06","date_gmt":"2024-07-31T20:46:06","guid":{"rendered":"https:\/\/benoitpeuch.com\/?page_id=4008"},"modified":"2024-11-11T10:19:46","modified_gmt":"2024-11-11T09:19:46","slug":"4008-2","status":"publish","type":"page","link":"https:\/\/benoitpeuch.com\/?page_id=4008","title":{"rendered":""},"content":{"rendered":"\n<p class=\"has-text-align-center has-background has-medium-font-size\" style=\"background-color:#87b8de\">Marie Pape-Carpentier &#8211; <strong>\u00ab&nbsp;La R\u00e9publique n&rsquo;est pas une femme \u00bb<\/strong><\/p>\n\n\n\n<p class=\"has-text-align-center has-medium-font-size\"><strong>[<em>L\u2019Ami de l\u2019Enfance<\/em>, septembre 1870]<\/strong><\/p>\n\n\n\n<p class=\"has-text-align-center\">[179] AUX PETITS LECTEURS DE L\u2019AMI DE L\u2019ENFANCE<\/p>\n\n\n\n<p style=\"font-size:15px\">Chers enfants,<\/p>\n\n\n\n<p style=\"font-size:15px\">Vous ne recevrez ce 12<sup>e<\/sup> num\u00e9ro de votre journal que bien longtemps apr\u00e8s l\u2019\u00e9poque o\u00f9, d\u2019apr\u00e8s la date qu\u2019il porte, il aurait d\u00fb vous parvenir. Ce retard n\u2019a pas \u00e9t\u00e9 volontaire de notre part, c\u2019est le malheur de notre patrie qui l\u2019a caus\u00e9&nbsp;; et ce malheur, vous en avez entendu parler dans vos demeures&nbsp;: c\u2019est la guerre.<\/p>\n\n\n\n<p style=\"font-size:15px\">La patrie, \u2013 et la patrie pour nous c\u2019est la France, \u2013 est le pays qui nous a vus na\u00eetre et grandir, dont nous respirons l\u2019air bienfaisant, l\u2019air natal&nbsp;! le pays dont le sol nous porte, dont les champs nous nourrissent, dont les lois nous prot\u00e8gent, nous, notre famille et nos amis&nbsp;!<\/p>\n\n\n\n<p style=\"font-size:15px\">La patrie, c\u2019est le pays o\u00f9 nous avons appris \u00e0 parler et \u00e0 jouer gaiement sur les genoux ou dans les bras de notre m\u00e8res&nbsp;; o\u00f9 nous nous sommes instruits en grandissant, jour par jour&nbsp;; o\u00f9 nous avons appris \u00e0 travailler, \u00e0 remplir nos devoirs d\u2019enfants, et, plus tard, de p\u00e8res, de m\u00e8res, de citoyens&nbsp;; le pays enfin, o\u00f9 nous avons entendu parler pour la premi\u00e8re fois de la bont\u00e9 de Dieu&nbsp;; appris \u00e0 aimer et \u00e0 estimer nos semblables, et go\u00fbt\u00e9 le bonheur d\u2019\u00eatre nous-m\u00eames aim\u00e9s et estim\u00e9s par eux.<\/p>\n\n\n\n<p style=\"font-size:15px\">La patrie, c\u2019est encore la terre dans le sein de laquelle ont \u00e9t\u00e9 couch\u00e9s les corps de ceux qui nous \u00e9taient chers, et qui sont morts, et pr\u00e8s desquels nous esp\u00e9rons que nos corps reposeront aussi, quand notre \u00e2me sera remont\u00e9e vers Dieu.<\/p>\n\n\n\n<p style=\"font-size:15px\">Eh bien, mes amis, depuis une ann\u00e9e, cette ch\u00e8re France, notre patrie, est tomb\u00e9e dans un grand deuil. Il y a un peu plus d\u2019un an aujourd\u2019hui, le 19 juillet, l\u2019empereur Napol\u00e9on III, qui \u00e9tait alors le ma\u00eetre de la France, a tout \u00e0 coup d\u00e9clar\u00e9 la guerre au roi de Prusse. De grands combats ont commenc\u00e9, et notre ch\u00e8re France a \u00e9t\u00e9 vaincue\u00a0!&#8230;<\/p>\n\n\n\n<p style=\"font-size:15px\">Beaucoup d\u2019hommes, Fran\u00e7ais et Allemands, ont \u00e9t\u00e9 tu\u00e9s dans cette guerre affreuse&nbsp;; les uns en attaquant, les autres en se d\u00e9fendant. Des villes et des villages ont \u00e9t\u00e9 incendi\u00e9s. Des habitants paisibles ont p\u00e9ri&nbsp;; des femmes et des petits enfants m\u00eame sont morts par le canon, la fusillade, le feu, le sabre, le froid et la faim\u2026 Ah&nbsp;! chers amis, chers enfants, quel malheur horrible, quel crime affreux que la guerre&nbsp;! Dieu, malgr\u00e9 toute sa bont\u00e9, pourra-t-il jamais pardonner \u00e0 ceux qui la d\u00e9clarent ou le font na\u00eetre&nbsp;?<\/p>\n\n\n\n<p style=\"font-size:15px\">Car Dieu a dit dans son cinqui\u00e8me commandement&nbsp;: TU NE TUERAS POITN D\u2019HOMMES, <em>homicide point ne sera<\/em>. Et la guerre est la d\u00e9sob\u00e9issance la plus monstrueuse \u00e0 ce divin commandement.<\/p>\n\n\n\n<p style=\"font-size:15px\">De toutes les batailles auxquelles cette guerre a donn\u00e9 lieu, la plus meurtri\u00e8re a \u00e9t\u00e9 celle qui a \u00e9t\u00e9 livr\u00e9e pr\u00e8s de la ville de Sedan, et qui a dur\u00e9 deux jours entiers, le 2 et le 3 septembre 1870.<\/p>\n\n\n\n<p style=\"font-size:15px\">Sedan est une ville du d\u00e9partement des <strong>[180]<\/strong> Ardennes et chef-lieu d\u2019arrondissement. Vous le trouverez facilement sur la carte en suivant la fronti\u00e8re de Belgique et du grand-duch\u00e9 de Luxembourg.<\/p>\n\n\n\n<p style=\"font-size:15px\">C\u2019est \u00e0 Sedan qu\u2019est n\u00e9, en 1611, un enfant qui devint un grand guerrier, et qui s\u2019appela TURENNE.<\/p>\n\n\n\n<p style=\"font-size:15px\">Aujourd\u2019hui, on fabrique dans cette ville de Sedan beaucoup de choses utiles \u00e0 la vie des hommes\u00a0: principalement du drap, des bas et des gilets de tricot\u00a0; du fer. C\u2019est une ville industrielle et paisible, qui n\u2019aime pas du tout les combats, et qui a laiss\u00e9 sans regret vieillir les fortifications dont elle est entour\u00e9e, ainsi que toutes ses anciennes machines de guerre. Elle aime mieux le travail, la concorde, et elle a bien raison.<\/p>\n\n\n\n<p style=\"font-size:15px\">C\u2019est pourtant l\u00e0, \u00e0 Sedan, que vinrent se r\u00e9unir pour cette terrible bataille, les Allemands d\u2019un c\u00f4t\u00e9, contre les Fran\u00e7ais de l\u2019autre c\u00f4t\u00e9. Les Fran\u00e7ais, moins nombreux, moins bien conduits et moins bien arm\u00e9s, furent mis en pi\u00e8ces. Les Allemands en firent un tel carnage que le sang des hommes coulait par terre comme l\u2019eau des ruisseaux&nbsp;!&#8230;<\/p>\n\n\n\n<p style=\"font-size:15px\">Ah&nbsp;! certes, si l\u2019\u00e2me de Turenne a pu voir tout ce qui s\u2019est pass\u00e9 l\u00e0, elle aura beaucoup souffert, car on a conduit cette cruelle bataille d\u2019une mani\u00e8re compl\u00e8tement oppos\u00e9e \u00e0 la mani\u00e8re qu\u2019il avait coutume de suivre (1). Cette pauvre \u00e2me a d\u00fb \u00eatre bien mortifi\u00e9e aussi, car Turenne avait \u00e9t\u00e9 presque toujours victorieux, et voil\u00e0 que deux cent cinquante-neuf ans apr\u00e8s sa mort, on am\u00e8ne l\u2019arm\u00e9e fran\u00e7aise dans sa ville natale, comme tout expr\u00e8s pour lui faire l\u2019affront d\u2019une d\u00e9faite des plus honteuses qui se puisse voir pour les chefs de cette arm\u00e9e&nbsp;!<\/p>\n\n\n\n<p class=\"has-text-align-right has-small-font-size\">(1) Note pour les parents. \u2013 Turenne a \u00e9tabli en principes, qu\u2019il fallait pour esp\u00e9rer vaincre\u00a0: pr\u00e9parer ses plans longtemps \u00e0 l\u2019avance et m\u00fbrement, ne rien attendre du hasard, tout calculer, tout pr\u00e9voir selon les lieux, l\u2019armement des troupes ennemies, leurs habitudes de guerre, le caract\u00e8re de leurs g\u00e9n\u00e9raux. Ne jamais se laisser bloquer. Ne pas r\u00e9unir toutes ses forces sur un m\u00eame point, harceler l\u2018ennemi par de petits combats inattendus, m\u00e9nager surtout la vie des hommes, etc., etc.<\/p>\n\n\n\n<p class=\"has-text-align-right has-small-font-size\">Quels sanglant d\u00e9menti a \u00e9t\u00e9 donn\u00e9 \u00e0 ces principes&nbsp;!<\/p>\n\n\n\n<p style=\"font-size:15px\">C\u2019est le cas de r\u00e9p\u00e9ter la plus grande v\u00e9rit\u00e9 de ce monde&nbsp;: c\u2019est qu\u2019il n\u2019y a point de gloire durable que celle d\u2019avoir fait le bien.<\/p>\n\n\n\n<p style=\"font-size:15px\">L\u2019empereur Napol\u00e9on III, qui avait d\u00e9clar\u00e9 la guerre, \u00e9tait \u00e0 cette bataille. Le roi de Prusse et son ministre Bismark, qui l\u2019y avait pouss\u00e9 en dessous, \u00e9tait l\u00e0 aussi. Mais n\u2019allez pas croire qu\u2019ils prissent les uns ou les autres parts au combat. Non, non. Ils faisaient battre les soldats, mais ils se gardaient bien de s\u2019exposer eux-m\u00eames aux coups de canon.<\/p>\n\n\n\n<p style=\"font-size:15px\">Quand on apprit la d\u00e9faite de l\u2019arm\u00e9e fran\u00e7aise \u00e0 Sedan, la consternation se r\u00e9pandit d\u2019un bord de la France \u00e0 l\u2019autre. On ne voulut plus de cet empereur qui nous avait attir\u00e9s ces d\u00e9sastres et plusieurs autres\u00a0; et, le 4 septembre, on proclama un autre gouvernement, le gouvernement de la R\u00e9publique.<\/p>\n\n\n\n<p style=\"font-size:15px\">La R\u00e9publique n\u2019est pas une femme, comme pourraient vous le faire croire son nom et la forme de femme qu\u2019on lui donne dans les tableaux et les statues. La R\u00e9publique est simplement un gouvernement o\u00f9 les d\u00e9put\u00e9s, choisis par les \u00e9lecteurs dans toute la France, et r\u00e9unis dans une assembl\u00e9e appel\u00e9e ASSEMBL\u00c9E NATIONALE, gouvernent eux-m\u00eames le pays, sans qu\u2019il y ait ni roi ni empereur \u00e0 loger, nourrir et payer extraordinairement cher, sans compter toutes les d\u00e9penses inutiles qu\u2019ils mettent \u00e0 notre compte, et toutes les d\u00e9solations dans lesquelles ils nous plongent selon leur caprice, ou quand ils se trompent.<\/p>\n\n\n\n<p style=\"font-size:15px\">Ce qui vient d\u2019arriver ne nous l\u2019a que trop fait voir.<\/p>\n\n\n\n<p style=\"font-size:15px\">Nous avons donc maintenant une Assembl\u00e9e nationale compos\u00e9e de sept cents d\u00e9put\u00e9s qui nous gouvernent. Peut-\u00eatre le papa de quelques-uns d\u2019entre vous est-il du nombre. Il est facile de comprendre qu\u2019il doit se trouver plus de sagesse et de lumi\u00e8res dans une aussi grande r\u00e9union d\u2019hommes, que dans la t\u00eate d\u2019un homme seul, que cet homme soit devenu, n\u2019importe comment, roi ou empereur. Voil\u00e0 ce qui fait l\u2019avantage des gouvernements r\u00e9publicains.<\/p>\n\n\n\n<p style=\"font-size:15px\">La Suisse est beaucoup moins grande et moins d\u2019argent que l\u2019Am\u00e9rique&nbsp;; mais elle n\u2019est pas moins d\u2019argent que l\u2019Am\u00e9rique&nbsp;; mais elle n\u2019est pas moins estim\u00e9e et respect\u00e9e du monde entier, parce que ce n\u2019est pas la force et la richesse qui m\u00e9ritent le respect&nbsp;: c\u2019est a justice, le droit, la raison&nbsp;; et toutes ces vertus r\u00e8gnent dans le gouvernement de la Suisse.<\/p>\n\n\n\n<p style=\"font-size:15px\">Esp\u00e9rons, chers amis, qu\u2019elles seront aussi notre partage \u00e0 tous, gouvernements et gouvern\u00e9s. Efforcez-vous de devenir justes et raisonnables, vertueux. Devenez, surtout, bons, comme les habitants de la Suisse l\u2019on \u00e9t\u00e9 pour ceux de nos pauvres soldats qui, repouss\u00e9s par les Allemands, sont entr\u00e9s sur leur territoire, bless\u00e9s, mourant de faim et de froid, bris\u00e9s de douleur, et y ont trouv\u00e9 l\u2019hospitalit\u00e9 la plus g\u00e9n\u00e9reuse et la plus fraternelle.<\/p>\n\n\n\n<p style=\"font-size:15px\">Prions Dieu qu\u2019il donne \u00e0 nos d\u00e9put\u00e9s l\u2019intelligence de leurs devoirs&nbsp;; qu\u2019il \u00e9claire leurs consciences, qu\u2019il leur donne la bont\u00e9 et la justice pour tous leurs fr\u00e8res sans exception.<\/p>\n\n\n\n<p style=\"font-size:15px\">Prions-le enfin, chers enfants, qu\u2019il <strong>[181]<\/strong> \u00e9loigne pour toujours de notre ch\u00e8re patrie, ces quatre fl\u00e9aux de l\u2019humanit\u00e9&nbsp;: l\u2019\u00e9go\u00efsme, la violence, l\u2019esprit de ruse, et l\u2019amour des conqu\u00eates.<\/p>\n","protected":false},"excerpt":{"rendered":"<p>Marie Pape-Carpentier &#8211; \u00ab&nbsp;La R\u00e9publique n&rsquo;est pas une femme \u00bb [L\u2019Ami de l\u2019Enfance, septembre 1870] [179] AUX PETITS LECTEURS DE L\u2019AMI DE L\u2019ENFANCE Chers enfants, Vous ne recevrez ce 12e num\u00e9ro de votre journal que bien longtemps apr\u00e8s l\u2019\u00e9poque o\u00f9, d\u2019apr\u00e8s la date qu\u2019il porte, il aurait d\u00fb vous parvenir. Ce retard n\u2019a pas \u00e9t\u00e9 &hellip; <a href=\"https:\/\/benoitpeuch.com\/?page_id=4008\" class=\"more-link\">Continuer la lecture de <span class=\"screen-reader-text\"><\/span><\/a><\/p>\n","protected":false},"author":1,"featured_media":0,"parent":0,"menu_order":0,"comment_status":"closed","ping_status":"closed","template":"","meta":{"footnotes":""},"class_list":["post-4008","page","type-page","status-publish","hentry"],"_links":{"self":[{"href":"https:\/\/benoitpeuch.com\/index.php?rest_route=\/wp\/v2\/pages\/4008","targetHints":{"allow":["GET"]}}],"collection":[{"href":"https:\/\/benoitpeuch.com\/index.php?rest_route=\/wp\/v2\/pages"}],"about":[{"href":"https:\/\/benoitpeuch.com\/index.php?rest_route=\/wp\/v2\/types\/page"}],"author":[{"embeddable":true,"href":"https:\/\/benoitpeuch.com\/index.php?rest_route=\/wp\/v2\/users\/1"}],"replies":[{"embeddable":true,"href":"https:\/\/benoitpeuch.com\/index.php?rest_route=%2Fwp%2Fv2%2Fcomments&post=4008"}],"version-history":[{"count":0,"href":"https:\/\/benoitpeuch.com\/index.php?rest_route=\/wp\/v2\/pages\/4008\/revisions"}],"wp:attachment":[{"href":"https:\/\/benoitpeuch.com\/index.php?rest_route=%2Fwp%2Fv2%2Fmedia&parent=4008"}],"curies":[{"name":"wp","href":"https:\/\/api.w.org\/{rel}","templated":true}]}}