{"id":4082,"date":"2024-09-20T19:52:13","date_gmt":"2024-09-20T17:52:13","guid":{"rendered":"https:\/\/benoitpeuch.com\/?page_id=4082"},"modified":"2026-04-10T17:16:52","modified_gmt":"2026-04-10T15:16:52","slug":"introduction-a-lhistoire-des-educations-l1","status":"publish","type":"page","link":"https:\/\/benoitpeuch.com\/?page_id=4082","title":{"rendered":"Cours \u00e0 Paris 8"},"content":{"rendered":"\n<p style=\"font-size:15px\">Cette page est li\u00e9es au cours sur l&rsquo;\u00e9ducation nouvelle que je donne le samedi \u00e0 Paris 8. Envoyez un mail en cas de questions (contact@benoitpeuch.com)<\/p>\n\n\n\n<p class=\"has-text-align-center has-text-color has-link-color wp-elements-dcbb72a780f7e5793631e49ecb85b34f\" style=\"color:#ff0022\">Je rappelle que l&rsquo;assiduit\u00e9 est obligatoire pour valider le cours (pas + de 3 absences justifi\u00e9es). Les deux devoirs doivent \u00eatre rendus pour valider le cours.<\/p>\n\n\n\n<p class=\"has-text-align-center\"><strong>PROGRAMME DU COURS<\/strong><\/p>\n\n\n\n<p class=\"has-text-align-center\"><strong>ENQU\u00caTE SUR L\u2019\u00c8RE NOUVELLE<\/strong> <\/p>\n\n\n\n<p class=\"has-text-align-center has-medium-pink-color has-text-color has-link-color wp-elements-71d6101810be0bd1bab44c5684ff9be0\">SALLE B035 \/ 9h00-12h00<\/p>\n\n\n\n<p>31.01 &#8211; <strong>S\u00c9ANCE 1 \u2013<\/strong> Introduction du cours + \u00c9vocation d&rsquo;Edmond Demolins : <a href=\"https:\/\/1drv.ms\/p\/c\/7307992D6CEC3DA0\/IQCvsUAnk3U7TorSuDyVctT1AQAVpWDFTcgNKNrHwFF48oA?e=eDucV1\">diaporama<\/a><\/p>\n\n\n\n<p class=\"has-dark-gray-color has-text-color has-link-color wp-elements-78a2e3f39b77a36969cf3585fbbe85f1\">07.02 &#8211; <strong>S\u00c9ANCE <\/strong>2 <strong>\u2013<\/strong> Article : Notre ligue et Pour l\u2019\u00e8re nouvelle <a href=\"https:\/\/1drv.ms\/p\/c\/7307992D6CEC3DA0\/IQC7nrbMnLw8TK-_Ayr7TEjiAc3YzvLBOqG5x7JMnmVUrE0?e=ph56Tf\">diaporama<\/a><\/p>\n\n\n\n<p>14.02 &#8211; <strong>S\u00c9ANCE <\/strong>3 <strong>\u2013<\/strong> Article : B\u00e9atrice Ensor <a href=\"https:\/\/1drv.ms\/p\/c\/7307992D6CEC3DA0\/IQA1VSqfIeNES7ITnmBEkYx6ATye154jySXthgoUsgU4yT4?e=ZfclwT\">diaporama<\/a><\/p>\n\n\n\n<p>21.02 &#8211; <strong>S\u00c9ANCE <\/strong>4 <strong>\u2013<\/strong> Article : Georges Bertier <a href=\"https:\/\/1drv.ms\/p\/c\/7307992D6CEC3DA0\/IQBhlMXY-e8rSq4RJ3BurKdHAY87blJF0t3n25BbjXyvzQk?e=mWC14g\">diaporama<\/a><\/p>\n\n\n\n<p class=\"has-bright-blue-color has-text-color has-link-color wp-elements-c82236b2f7fead49b853d7e7c64b636b\"><strong>28.02 &#8211; PAUSE P\u00c9DAGOGIQUE<\/strong><\/p>\n\n\n\n<p>07.03 &#8211; <strong>S\u00c9ANCE <\/strong>5 <strong>\u2013<\/strong> Article : Roger Cousinet <a href=\"https:\/\/1drv.ms\/p\/c\/7307992D6CEC3DA0\/IQDDxSsJFbthQ4Xja6yns0lcASxLE_OLQ01NjzhQeVcgnZ0?e=IAuncE\">diaporama<\/a><\/p>\n\n\n\n<p>14.03 &#8211; <strong>S\u00c9ANCE <\/strong>6 <strong>\u2013<\/strong> Article : M. L. Wauthier <a href=\"https:\/\/1drv.ms\/p\/c\/7307992D6CEC3DA0\/IQA_f-UP3Ew5T6DX8_iIK_MlAWdldo8EeAGCCDMTQu4GYK8?e=gHAN2e\">diaporama<\/a><\/p>\n\n\n\n<p class=\"has-medium-pink-color has-text-color has-link-color wp-elements-b76a3829dfc763b8adfdbbd8e3f2599e\">+ Rendu du DM pour le 16 mars, modalit\u00e9s donn\u00e9es en cours<\/p>\n\n\n\n<p>21.03 &#8211; <strong>S\u00c9ANCE <\/strong>7 <strong>\u2013<\/strong> Article : A. Hamaide + R\u00e9volution \u00e9cole <a href=\"https:\/\/1drv.ms\/p\/c\/7307992D6CEC3DA0\/IQDHRLSXqvUIR5Z7A1oQr-hyAcPDvJKBeSvYfmNVTegmgvE?e=7HHrJD\">diaporama<\/a><\/p>\n\n\n\n<p>28.03 &#8211; <strong>S\u00c9ANCE <\/strong>8 <strong>\u2013<\/strong> Article : G. C. Ferrari <a href=\"https:\/\/1drv.ms\/p\/c\/7307992D6CEC3DA0\/IQDnTRja6GS6QL29NFEB5PGhAYml7tjvIyi8yL3YaJTbLVY?e=jHd1nF\">diaporama<\/a><\/p>\n\n\n\n<p>04.04 &#8211; <strong>S\u00c9ANCE <\/strong>9 <strong>\u2013<\/strong> Article : F. M. Baldwin <a href=\"https:\/\/1drv.ms\/p\/c\/7307992D6CEC3DA0\/IQA1QsCy9KmtS4BaMWWDuOlDAXDg2-ss6_s0OjC193_sS_c?e=Csifj1\">diaporama<\/a><\/p>\n\n\n\n<p>11.04 &#8211; <strong>S\u00c9ANCE <\/strong>10 <strong>\u2013<\/strong> Article : Faits divers et annonces <a href=\"https:\/\/1drv.ms\/p\/c\/7307992D6CEC3DA0\/IQD0UTFV4Sw1T5FJX4H0FkJ2AZptRUYEinRfmhX6iSBGdG4?e=dxXgst\">diaporama<\/a><\/p>\n\n\n\n<p class=\"has-bright-blue-color has-text-color has-link-color wp-elements-607b28ddf4ea1cf0838eac607b3de6a5\"><strong>18.04 &#8211; VACANCES<\/strong><\/p>\n\n\n\n<p class=\"has-bright-blue-color has-text-color has-link-color wp-elements-d49f1d4f6753c81dc1ebf696bc02ae37\"><strong>25.04 &#8211; VACANCES<\/strong><\/p>\n\n\n\n<p>02.05 &#8211; <strong>S\u00c9ANCE <\/strong>11 <strong>\u2013<\/strong> Conclusion du cours<\/p>\n\n\n\n<p>09.05 &#8211; <strong>S\u00c9ANCE <\/strong>12 &#8211; DST, pr\u00e9sence obligatoire, modalit\u00e9 donn\u00e9e en cours<\/p>\n\n\n\n<p class=\"has-bright-blue-color has-text-color has-link-color wp-elements-68e74894f4ca1112c4899550862db39f\"><strong>16.05 &#8211; Pont de l&rsquo;Ascension<\/strong><\/p>\n\n\n\n<p>20.05 &#8211; <strong>S\u00c9ANCE 1<\/strong>3 &#8211; Corrig\u00e9 + rendu des copies<\/p>\n\n\n\n<p><br><\/p>\n","protected":false},"excerpt":{"rendered":"<p>Cette page est li\u00e9es au cours sur l&rsquo;\u00e9ducation nouvelle que je donne le samedi \u00e0 Paris 8. Envoyez un mail en cas de questions (contact@benoitpeuch.com) Je rappelle que l&rsquo;assiduit\u00e9 est obligatoire pour valider le cours (pas + de 3 absences justifi\u00e9es). Les deux devoirs doivent \u00eatre rendus pour valider le cours. PROGRAMME DU COURS ENQU\u00caTE &hellip; <a href=\"https:\/\/benoitpeuch.com\/?page_id=4082\" class=\"more-link\">Continuer la lecture de <span class=\"screen-reader-text\">Cours \u00e0 Paris 8<\/span><\/a><\/p>\n","protected":false},"author":1,"featured_media":0,"parent":0,"menu_order":0,"comment_status":"closed","ping_status":"closed","template":"","meta":{"footnotes":""},"class_list":["post-4082","page","type-page","status-publish","hentry"],"_links":{"self":[{"href":"https:\/\/benoitpeuch.com\/index.php?rest_route=\/wp\/v2\/pages\/4082","targetHints":{"allow":["GET"]}}],"collection":[{"href":"https:\/\/benoitpeuch.com\/index.php?rest_route=\/wp\/v2\/pages"}],"about":[{"href":"https:\/\/benoitpeuch.com\/index.php?rest_route=\/wp\/v2\/types\/page"}],"author":[{"embeddable":true,"href":"https:\/\/benoitpeuch.com\/index.php?rest_route=\/wp\/v2\/users\/1"}],"replies":[{"embeddable":true,"href":"https:\/\/benoitpeuch.com\/index.php?rest_route=%2Fwp%2Fv2%2Fcomments&post=4082"}],"version-history":[{"count":11,"href":"https:\/\/benoitpeuch.com\/index.php?rest_route=\/wp\/v2\/pages\/4082\/revisions"}],"predecessor-version":[{"id":5083,"href":"https:\/\/benoitpeuch.com\/index.php?rest_route=\/wp\/v2\/pages\/4082\/revisions\/5083"}],"wp:attachment":[{"href":"https:\/\/benoitpeuch.com\/index.php?rest_route=%2Fwp%2Fv2%2Fmedia&parent=4082"}],"curies":[{"name":"wp","href":"https:\/\/api.w.org\/{rel}","templated":true}]}}