{"id":812,"date":"2020-06-10T21:42:42","date_gmt":"2020-06-10T19:42:42","guid":{"rendered":"http:\/\/benoitpeuch.com\/?page_id=812"},"modified":"2026-04-11T17:26:42","modified_gmt":"2026-04-11T15:26:42","slug":"publications","status":"publish","type":"page","link":"https:\/\/benoitpeuch.com\/?page_id=812","title":{"rendered":"CV acad\u00e9mique"},"content":{"rendered":"\n<p class=\"has-text-align-center\"><strong>Parcours universitaire<\/strong><\/p>\n\n\n\n<p style=\"font-size:15px\">\ud83d\udd37 Qualification section 70, 2026.<\/p>\n\n\n\n<p style=\"font-size:15px\">\ud83d\udd37 Doctorat de philosophie. <em>La spontan\u00e9it\u00e9 r\u00e9gul\u00e9e. Enqu\u00eate sur les pratiques d\u2019autonomisation des enfants d\u2019\u00e2ge pr\u00e9scolaire dans les soci\u00e9t\u00e9s modernes<\/em>, EHESS (LIER-FYT) dirig\u00e9 par Pierre-Henri Castel, soutenance le 27 septembre 2025.<\/p>\n\n\n\n<p style=\"font-size:15px\">\ud83d\udd37 D.U. de Neuro\u00e9ducation, Universit\u00e9 Paris Cit\u00e9, 2023.<\/p>\n\n\n\n<p style=\"font-size:15px\">\ud83d\udd37 Master de philosophie. <em>Le probl\u00e8me de la kinesth\u00e8se dans la ph\u00e9nom\u00e9nologie de Husserl<\/em>, Universit\u00e9 Paris 1, dirig\u00e9 par Renaud Barbaras, 2016.<\/p>\n\n\n\n<p style=\"font-size:15px\">\ud83d\udd37 Licence de philosophie. Universit\u00e9 Paris 1, 2009.<\/p>\n\n\n\n<p class=\"has-text-align-center has-dark-gray-color has-text-color\"><strong>Articles<\/strong> (3 + 1 \u00e0 para\u00eetre)<\/p>\n\n\n\n<p style=\"font-size:15px\">\ud83d\udd37 \u00ab Robert Owen, &nbsp;la discipline du loisir comme discipline de la paix \u00bb, <em>Le T\u00e9l\u00e9maque<\/em> (\u00e0 para\u00eetre).<\/p>\n\n\n\n<p style=\"font-size:15px\">\ud83d\udd37 \u00ab Histoire conceptuelle de la&nbsp;mise en quarantaine&nbsp;\u00e9ducative des enfants d\u2019\u00e2ge pr\u00e9scolaire de Chrysostome \u00e0 Rousseau \u00bb, <em>La Pens\u00e9e d&rsquo;Ailleurs<\/em>, 7, 2025. <a href=\"https:\/\/doi.org\/10.57086\/lpa.1170\">https:\/\/doi.org\/10.57086\/lpa.1170<\/a><\/p>\n\n\n\n<p style=\"font-size:15px\">\ud83d\udd37 \u00ab Habilet\u00e9&nbsp;manuelle&nbsp;et expression de soi. \u00c9l\u00e9ments pour une analyse socio-historique des attentes expressives \u00e0 l\u2019\u00e9cole maternelle (1886-2023) \u00bb, <em>Penser l&rsquo;\u00e9ducation<\/em>, 55, 2025. <a href=\"https:\/\/doi.org\/10.4000\/14osj\">https:\/\/doi.org\/10.4000\/14osj<\/a><\/p>\n\n\n\n<p style=\"font-size:15px\">\ud83d\udd37 \u00ab Le r\u00f4le du chant dans <em>L\u2019ami de l\u2019enfance<\/em> (1835-1896) \u00bb, <em>La Pens\u00e9e d&rsquo;Ailleurs<\/em>, 6, 2024 (<a href=\"https:\/\/www.ouvroir.fr\/lpa\/index.php?id=792\">en ligne<\/a>).<\/p>\n\n\n\n<p class=\"has-text-align-center has-dark-gray-color has-text-color\"><strong>Recensions<\/strong> (29)<\/p>\n\n\n\n<p style=\"font-size:15px\">\ud83d\udd37 \u00ab \u00c0 propos de&nbsp;: Sarah Blaffer Hrdy, <em>Le temps des p\u00e8res. Une histoire naturelle des hommes et des b\u00e9b\u00e9s <\/em>(PUF, 2024) \u00bb, <em>Lectures<\/em>, 20 janvier 2026 (<a href=\"https:\/\/journals.openedition.org\/lectures\/69523\">en ligne<\/a>)<\/p>\n\n\n\n<p style=\"font-size:15px\">\ud83d\udd37 \u00ab \u00c0 propos de&nbsp;: Aksel Kilic et Jean-Paul Payet, <em>L\u2019\u00e9cole du like <\/em>(PUF, 2024) \u00bb, <em>Lectures<\/em>, 1er ao\u00fbt 2025 (<a href=\"https:\/\/journals.openedition.org\/lectures\/68097\">en ligne<\/a>)<\/p>\n\n\n\n<p style=\"font-size:15px\">\ud83d\udd37 \u00ab \u00c0 propos de&nbsp;: Patrick Rayou, <em>L&rsquo;autonomie des \u00e9l\u00e8ves. Injonctions, pratiques, in\u00e9galit\u00e9s <\/em>(PUL, 2024) \u00bb, <em>Lectures<\/em>, 17 f\u00e9vrier 2025 (<a href=\"https:\/\/journals.openedition.org\/lectures\/66906\">en ligne<\/a>)<\/p>\n\n\n\n<p style=\"font-size:15px\">\ud83d\udd37 \u00ab \u00c0 propos de&nbsp;:  \u00c9milie Grisez,&nbsp;<em>\u00c0 l\u2019\u00e9cole primaire catholique. Une \u00e9ducation bien ordonn\u00e9e<\/em> (PUF, 2023)  \u00bb, <em>Lectures<\/em>, 15 mars 2024 (<a href=\"https:\/\/journals.openedition.org\/lectures\/64197\" target=\"_blank\" rel=\"noreferrer noopener\">en ligne<\/a>)<\/p>\n\n\n\n<p style=\"font-size:15px\">\ud83d\udd37 \u00ab L\u2019\u00e9cole vue par les m\u00e9dias. \u00c0 propos de&nbsp;: Yann Forestier,&nbsp;<em>Changer l\u2019\u00e9cole ou la sauver. Une pol\u00e9mique m\u00e9diatique<\/em> (PUF, 2023) \u00bb, <em>La vie des id\u00e9es<\/em>, 18 septembre 2023 (<a href=\"https:\/\/laviedesidees.fr\/Yann-Forestier-Changer-l-ecole-ou-la-sauver\" target=\"_blank\" rel=\"noreferrer noopener\">en ligne<\/a>)<\/p>\n\n\n\n<p style=\"font-size:15px\">\ud83d\udd37 \u00ab Non, le cerveau n&rsquo;a pas d&rsquo;\u00e9motion. \u00c0 propos de&nbsp;: Louis Qu\u00e9r\u00e9, <em>Il n&rsquo;y a pas de cerveau des \u00e9motions<\/em> (PUF, 2023)  \u00bb, <em>Nonfiction<\/em>, 18 mai 2023 (<a rel=\"noreferrer noopener\" href=\"https:\/\/www.nonfiction.fr\/article-11713-non-le-cerveau-na-pas-demotion.htm\" target=\"_blank\">en ligne<\/a>)<\/p>\n\n\n\n<p style=\"font-size:15px\">\ud83d\udd37 \u00ab \u00c0 propos de&nbsp;: Mich\u00e8le Riot-Sarcey, <em>L&rsquo;\u00e9mancipation entrav\u00e9e<\/em> (La d\u00e9couverte, 2023)  \u00bb, <em>Lectures<\/em>, 27 avril 2023 (<a rel=\"noreferrer noopener\" href=\"https:\/\/journals.openedition.org\/lectures\/60945\" target=\"_blank\">en ligne<\/a>)<\/p>\n\n\n\n<p style=\"font-size:15px\">\ud83d\udd37 \u00ab La sociologie est-elle utile aux enseignants ? \u00c0 propos de&nbsp;: Hugues Draelants et Branka Cattonar, <em>Manuel de sociologie de l&rsquo;\u00e9ducation<\/em> (De Boeck, 2022)  \u00bb, <em>Nonfiction<\/em>, 1 avril 2023 (<a rel=\"noreferrer noopener\" href=\"https:\/\/www.nonfiction.fr\/article-11674-la-sociologie-est-elle-utile-aux-enseignants.htm\" target=\"_blank\">en ligne<\/a>)<\/p>\n\n\n\n<p style=\"font-size:15px\">\ud83d\udd37 \u00ab Rousseau, un \u00e9ducateur pour les modernes. \u00c0 propos de&nbsp;: C\u00e9line Spector, <em>Rousseau et la morale exp\u00e9rimentale<\/em> (Vrin, 2022)  \u00bb, <em>Nonfiction<\/em>, 14 mars 2023 (<a rel=\"noreferrer noopener\" href=\"https:\/\/www.nonfiction.fr\/article-11653-rousseau-un-educateur-pour-les-modernes.htm\" target=\"_blank\">en ligne<\/a>)<\/p>\n\n\n\n<p style=\"font-size:15px\">\ud83d\udd37 \u00ab \u00c0 propos de&nbsp;: J\u00fcrgen Habermas,&nbsp;<em>Espace public et d\u00e9mocratie d\u00e9lib\u00e9rative&nbsp;: un tournant<\/em> (Gallimard, 2023) \u00bb, <em>Lectures<\/em>, 9 mars 2023 (<a rel=\"noreferrer noopener\" href=\"https:\/\/journals.openedition.org\/lectures\/60435\" target=\"_blank\">en ligne<\/a>)<\/p>\n\n\n\n<p style=\"font-size:15px\">\ud83d\udd37 \u00ab \u00c0 propos de&nbsp;: Sandrine&nbsp;Garcia,&nbsp;<em>Enseignants&nbsp;: de la vocation au d\u00e9senchantement<\/em> (La Dispute, 2023) \u00bb, <em>Lectures<\/em>, 27 f\u00e9vrier 2023 (<a rel=\"noreferrer noopener\" href=\"https:\/\/journals.openedition.org\/lectures\/60271\" target=\"_blank\">en ligne<\/a>)<\/p>\n\n\n\n<p style=\"font-size:15px\">\ud83d\udd37 \u00ab \u00c0 propos de&nbsp;: Anne-Marie Chartier, <em>L\u2019\u00e9cole et l\u2019\u00e9criture obligatoire<\/em> (Retz, 2022) \u00bb, <em>Lectures<\/em>, 12 janvier 2023 (<a rel=\"noreferrer noopener\" href=\"https:\/\/journals.openedition.org\/lectures\/59444\" target=\"_blank\">en ligne<\/a>)<\/p>\n\n\n\n<p style=\"font-size:15px\">\ud83d\udd37 \u00ab C&rsquo;est prouv\u00e9 mais&#8230; \u00c0 propos de&nbsp;: Hugues Draelants &amp; Sonia Revaz,<em>&nbsp;L\u2019\u00e9vidence des faits. La politique des preuves en \u00e9ducation<\/em> (PUF, 2022) \u00bb, <em>La vie des id\u00e9es<\/em>, 15 d\u00e9cembre 2022 (<a rel=\"noreferrer noopener\" href=\"https:\/\/laviedesidees.fr\/Draelants-Revaz-L-evidence-des-faits.html\" target=\"_blank\">en ligne<\/a>)<\/p>\n\n\n\n<p class=\"has-background\" style=\"background-color:#c8dbdf;font-size:15px\">\u00ab There May Be Evidence for This, But\u2026 About: Hugues Draelants &amp; Sonia Revaz, L\u2019\u00e9vidence des faits. La politique des preuves en \u00e9ducation, Puf \u00bb, traduction anglaise d&rsquo;Arianne Dorval, <em>Books and Ideas<\/em>, 26 juillet 2024 (<a href=\"https:\/\/booksandideas.net\/There-May-Be-Evidence-for-This-But\">en ligne<\/a>)<\/p>\n\n\n\n<p style=\"font-size:15px\">\ud83d\udd37 \u00ab \u00c0 propos de&nbsp;: Jacqueline Carroy et Marc Renneville, <em>Mourir d&rsquo;amour. Autopsie d&rsquo;un imaginaire criminel<\/em> (La d\u00e9couverte, 2022) \u00bb, <em>Lectures<\/em>, 13 septembre 2022 (<a rel=\"noreferrer noopener\" href=\"https:\/\/journals.openedition.org\/lectures\/57904\" target=\"_blank\">en ligne<\/a>)<\/p>\n\n\n\n<p style=\"font-size:15px\">\ud83d\udd37 \u00ab Enseigner autrement. \u00c0 propos de&nbsp;: Ghislain Leroy, <em>Sociologie des p\u00e9dagogies alternatives<\/em> (La d\u00e9couverte, 2022) \u00bb, <em>La vie des id\u00e9es<\/em>, 1er septembre 2022 (<a rel=\"noreferrer noopener\" href=\"https:\/\/laviedesidees.fr\/Leroy-Sociologie-des-pedagogies-alternatives.html\" target=\"_blank\">en ligne<\/a>)<\/p>\n\n\n\n<p class=\"has-background\" style=\"background-color:#c8dbdf;font-size:15px\">\u00ab A Different Way of Teaching? About: Ghislain Leroy,&nbsp;<em>Sociologie des p\u00e9dagogies alternatives<\/em>, La D\u00e9couverte (La d\u00e9couverte, 2022) \u00bb, traduction anglaise d&rsquo;Arianne Dorval, <em>Books and Ideas<\/em>, 26 mars 2023 (<a href=\"https:\/\/booksandideas.net\/Leroy-Sociologie-pedagogies-alternatives\" target=\"_blank\" rel=\"noreferrer noopener\">en ligne<\/a>)<\/p>\n\n\n\n<p style=\"font-size:15px\">\ud83d\udd37 \u00ab \u00c0 propos de&nbsp;: Jean-No\u00ebl Luc, Jean-Fran\u00e7ois Condette, Yves Verneuil, <em>Histoire de l\u2019enseignement en France. XIX<\/em><sup><em>e<\/em><\/sup><em>-XXI<\/em><sup><em>e<\/em><\/sup><em>&nbsp;si\u00e8cles<\/em> (Armand Colin, 2020) \u00bb, <em>Lectures<\/em>, 5 juillet 2022 (<a rel=\"noreferrer noopener\" href=\"https:\/\/journals.openedition.org\/lectures\/57059\" target=\"_blank\">en ligne<\/a>)<\/p>\n\n\n\n<p style=\"font-size:15px\">\ud83d\udd37 \u00ab \u00c0 propos de&nbsp;: Aksel Kilic, <em>L&rsquo;\u00e9cole primaire vue des coulisses<\/em> (PUF, 2022) \u00bb, <em>Lectures<\/em>, 11 avril 2022 (<a rel=\"noreferrer noopener\" href=\"https:\/\/journals.openedition.org\/lectures\/55583\" target=\"_blank\">en ligne<\/a>)<\/p>\n\n\n\n<p style=\"font-size:15px\">\ud83d\udd37 \u00ab \u00c0 propos de&nbsp;: Jean Marigny, <em>Les enfants de l\u2019imaginaire<\/em> (Terre de brume, 2021) \u00bb, <em>Belph\u00e9gor<\/em>, 19-2, 2022 (<a rel=\"noreferrer noopener\" href=\"https:\/\/journals.openedition.org\/belphegor\/4319\" target=\"_blank\">en ligne<\/a>) <\/p>\n\n\n\n<p style=\"font-size:15px\">\ud83d\udd37 \u00ab Marx, troisi\u00e8me vague. \u00c0 propos de&nbsp;: Michael Burawoy et Erik Olin Wright, <em>Pour un marxisme sociologique<\/em> (\u00c9ditions sociales, 2021) \u00bb, <em>La vie des id\u00e9es<\/em>, 5 janvier 2022 (<a rel=\"noreferrer noopener\" href=\"https:\/\/laviedesidees.fr\/Marx-troisieme-vague.html\" target=\"_blank\">en ligne<\/a>) <\/p>\n\n\n\n<p style=\"font-size:15px\">\ud83d\udd37 \u00ab \u00c0 propos de&nbsp;: Paulo Freire, <em>La p\u00e9dagogie des opprim\u00e9s<\/em> (Agone, 2021) \u00bb, <em>Lectures<\/em>, 3 janvier 2022 (<a rel=\"noreferrer noopener\" href=\"https:\/\/journals.openedition.org\/lectures\/53295\" target=\"_blank\">en ligne<\/a>) <\/p>\n\n\n\n<p style=\"font-size:15px\">\ud83d\udd37 \u00ab \u00c0 propos de Donna Haraway, <em>Quand les esp\u00e8ces se rencontrent<\/em> (La d\u00e9couverte, 2021) \u00bb, <em>Lectures<\/em>, 12 novembre 2021 (<a rel=\"noreferrer noopener\" href=\"https:\/\/journals.openedition.org\/lectures\/52324\" target=\"_blank\">en ligne<\/a>)<\/p>\n\n\n\n<p style=\"font-size:15px\">\ud83d\udd37 \u00ab \u00c0 bas l&rsquo;autorit\u00e9 ! \u00c0 propos de&nbsp;: Richard Rorty, <em>Pragmatism as Anti-Authoritarianism<\/em> (Belknap Press, 2021) \u00bb, <em>La vie des id\u00e9es<\/em>, 21 octobre 2021 (<a rel=\"noreferrer noopener\" href=\"https:\/\/laviedesidees.fr\/Rorty-Pragmatism-Anti-Authoritarianism.html\" target=\"_blank\">en ligne<\/a>)<\/p>\n\n\n\n<p style=\"font-size:15px\">\ud83d\udd37 \u00ab \u00c9duquer, c&rsquo;est apprendre \u00e0 mourir. \u00c0 propos de&nbsp;: Pascal S\u00e9v\u00e9rac, <em>Rena\u00eetre. Enfance et \u00e9ducation \u00e0 partir de Spinoza<\/em> (Hermann, 2021) \u00bb, <em>La vie des id\u00e9es<\/em>, 16 juillet 2021 (<a rel=\"noreferrer noopener\" href=\"https:\/\/laviedesidees.fr\/Eduquer-c-est-apprendre-a-mourir.html\" target=\"_blank\">en ligne<\/a>) <\/p>\n\n\n\n<p class=\"has-background\" style=\"background-color:#c8dbdf;font-size:15px\">\u00ab To Educate is to Teach to Die. About: Pascal S\u00e9v\u00e9rac, <em>Rena\u00eetre. Enfance et \u00e9ducation \u00e0 partir de Spinoza<\/em> (Hermann, 2021) \u00bb, traduction anglaise d&rsquo;Arianne Dorval, <em>Books and Ideas<\/em>, 13 avril 2023 (<a rel=\"noreferrer noopener\" href=\"https:\/\/booksandideas.net\/To-Educate-is-to-Teach-to-Die\" target=\"_blank\">en ligne<\/a>)<\/p>\n\n\n\n<div class=\"wp-block-group\"><div class=\"wp-block-group__inner-container is-layout-constrained wp-block-group-is-layout-constrained\">\n<p style=\"font-size:15px\">\ud83d\udd37 \u00ab \u00c0 propos de Elsa de Lavergne, <em>La naissance du roman policier fran\u00e7ais<\/em> (Garnier, 2020) \u00bb, <em>Lectures<\/em>, 7 juillet 2021 (<a rel=\"noreferrer noopener\" href=\"https:\/\/journals.openedition.org\/lectures\/50428\" target=\"_blank\">en ligne<\/a>)<\/p>\n<\/div><\/div>\n\n\n\n<p style=\"font-size:15px\">\ud83d\udd37 \u00ab De l\u2019\u00e9veil \u00e0 l\u2019insomnie. \u00c0 propos de Roger Ekirch, <em>La grande transformation du sommeil<\/em> (Amsterdam, 2021) \u00bb, <em>La vie des id\u00e9es<\/em>, 30 juin 2021 (<a rel=\"noreferrer noopener\" href=\"https:\/\/laviedesidees.fr\/Ekirch-La-grande-transformation-du-sommeil.html#.YNxLbpGhKdI.twitter\" target=\"_blank\">en ligne<\/a>)<\/p>\n\n\n\n<p style=\"font-size:15px\">\ud83d\udd37 \u00ab \u00c0 propos de Philippe Dufour, <em>Le r\u00e9alisme pense la d\u00e9mocratie<\/em> (La Baconni\u00e8re, 2021) \u00bb, <em>Lectures<\/em>, 22 juin 2021 (<a rel=\"noreferrer noopener\" href=\"https:\/\/journals.openedition.org\/lectures\/50143\" target=\"_blank\">en ligne<\/a>)<\/p>\n\n\n\n<p style=\"font-size:15px\">\u200e\ud83d\udd37 \u00ab L&rsquo;\u00e9cole, r\u00e9publicaine ou utilitariste ? \u00c0 propos d&rsquo;Alain Fernex, <em>Cr\u00e9er l&rsquo;\u00e9cole. Les institutions scolaires selon Bentham et Condorcet<\/em> (Hermann, 2020) \u00bb, <em>La vie des id\u00e9es<\/em>, 26 octobre 2020 (<a rel=\"noreferrer noopener\" href=\"https:\/\/laviedesidees.fr\/Alain-Fernex-Creer-l-ecole.html\" target=\"_blank\">en ligne<\/a>)<\/p>\n\n\n\n<p style=\"font-size:15px\">\ud83d\udd37 \u00ab \u00c0 propos de Claude Gautier, <em>Voir et conna\u00eetre la soci\u00e9t\u00e9. Regarder \u00e0 distance dans les Lumi\u00e8res \u00e9cossaises<\/em> (ENS, 2020) \u00bb, <em>Lectures<\/em>, 15 juin 2020 (<a rel=\"noreferrer noopener\" href=\"https:\/\/journals.openedition.org\/lectures\/41741\" target=\"_blank\">en ligne<\/a>)<\/p>\n\n\n\n<p style=\"font-size:15px\">\ud83d\udd37 \u00ab La formation des petits performants. \u00c0 propos de Ghislain Leroy, <em>L&rsquo;\u00e9cole maternelle de la performance enfantine<\/em> (Peter Lang, 2020) \u00bb, <em>La vie des id\u00e9es<\/em> , 25 mai 2020 (<a rel=\"noreferrer noopener\" href=\"https:\/\/laviedesidees.fr\/Ghislain-Leroy-ecole-maternelle-performance-enfantine.html\" target=\"_blank\">en ligne<\/a>)<\/p>\n\n\n\n<p class=\"has-text-align-center\"><strong>Traductions<\/strong> (2)<\/p>\n\n\n\n<p style=\"font-size:15px\">\ud83d\udd37 Jo\u00ebl Whitebook, <em>Freud, une biographie intellectuelle<\/em>, Ithaque, 2025, avec le Groupe Whitebook, dirig\u00e9 par Pierre-Henri Castel (<a href=\"https:\/\/www.ithaque-editions.com\/product-page\/sigmund-freud-une-biographie-intellectuelle\">site de l&rsquo;\u00e9diteur<\/a>).<\/p>\n\n\n\n<p style=\"font-size:15px\">\ud83d\udd37 Robert Brandom, <em>Perspectives sur le pragmatism<\/em>e <em>d&rsquo;hier et d&rsquo;aujourd&rsquo;hui<\/em>, publi\u00e9 chez Ithaque, 21 octobre 2022, avec le Groupe Brandom, dirig\u00e9 par Pierre-Henri Castel (<a href=\"https:\/\/www.ithaque-editions.com\/product-page\/perspectives-sur-le-pragmatisme\">site de l&rsquo;\u00e9diteur<\/a>)<\/p>\n\n\n\n<p class=\"has-text-align-center\"><strong>Communications<\/strong> (9)<\/p>\n\n\n\n<p class=\"has-text-align-center has-text-color has-link-color wp-elements-a536bcd47d21f6afa47dfb4c9fc311c1\" style=\"color:#aaaaaa\"><strong>colloques internationaux<\/strong> (2)<\/p>\n\n\n\n<p style=\"font-size:15px\">\ud83d\udd37<em>L\u2019Institutrice des Salles d\u2019Asiles et de l\u2019\u00c9cole Maternelle, une Figure d\u2019Autorit\u00e9 en Retrait ? (France, 1833-1900)<\/em>. ISCHE 46, \u00ab&nbsp;Teachers and Teaching. History on the move&nbsp;\u00bb, Universit\u00e9 de Lille, le 15 juillet 2025.<\/p>\n\n\n\n<p style=\"font-size:15px\">\ud83d\udd37 <em>La le\u00e7on de choses, un&nbsp;puzzle \u00e0 reconstituer.&nbsp;\u200bEnqu\u00eate dans la revue&nbsp;L&rsquo;Ami&nbsp;de l&rsquo;Enfance&nbsp;(1835-1896)\u200b<\/em> Colloque de l&rsquo;ATRHE Universit\u00e9 de Caen-Normandie &#8211; CIRNE, \u00ab\u00a0Innovation, re\u0301forme, expe\u0301rimentation en e\u0301ducation : perspectives historiques (XVIIe-XXIe sie\u0300cles)\u00a0\u00bb, le 14 juin 2024.<\/p>\n\n\n\n<p class=\"has-text-align-center has-text-color has-link-color wp-elements-8bb3d389f79dedd3be988f24c0f581c9\" style=\"color:#aaaaaa\"><strong>journ\u00e9es d&rsquo;\u00e9tudes<\/strong> (1)<\/p>\n\n\n\n<p style=\"font-size:15px\">\ud83d\udd37 <em>Faire l\u2019histoire conceptuelle de l\u2019\u00e9ducation pr\u00e9scolaire pour r\u00e9fl\u00e9chir sur l\u2019autonomie moderne<\/em>, expos\u00e9 pr\u00e9sent\u00e9 \u00e0 la <em>2e journ\u00e9es des jeunes chercheurs en philosophie de l\u2019\u00e9ducation<\/em> \u00e0 l\u2019Universit\u00e9 de Tours, co-organis\u00e9es par la Soci\u00e9t\u00e9 Francophone de Philosophie de l\u2019Education (Sofphied) et l\u2019\u00e9quipe EA7505 Education, Ethique et Sant\u00e9 (EES) de l\u2019Universit\u00e9 de Tours, le 23 octobre 2023 (<a href=\"https:\/\/benoitpeuch.com\/?page_id=1773\">texte de l&rsquo;intervention disponible <\/a><a href=\"https:\/\/benoitpeuch.com\/?page_id=1773\" data-type=\"link\" data-id=\"https:\/\/benoitpeuch.com\/?page_id=1773\">en ligne<\/a>)<\/p>\n\n\n\n<p class=\"has-text-align-center has-text-color has-link-color wp-elements-045bd0dec8a4daa42b2718024aa35bde\" style=\"color:#aaaaaa\"><strong>invitations dans des s\u00e9minaires<\/strong> (6)<\/p>\n\n\n\n<p style=\"font-size:15px\">\ud83d\udd37 <em>La spontan\u00e9it\u00e9 r\u00e9gul\u00e9e : un concept r\u00e9fl\u00e9chir sur l\u2019autonomisation des enfants d\u2019\u00e2ge pr\u00e9scolaire dans les soci\u00e9t\u00e9s modernes<\/em>, s\u00e9minaire <em>Histoire des \u00e9ducations de l&rsquo;enfance et de la jeunesse<\/em> de Jean-Christophe Coffin, Antoine Rivi\u00e8re et Samuel Boussion \u00e0 Paris 8, le 6 novembre 2025.<\/p>\n\n\n\n<p style=\"font-size:15px\">\ud83d\udd37 <em>Pourquoi faire une philosophie de l&rsquo;\u00e9cole maternelle ? <\/em>S\u00e9minaire de recherche doctorale de Laurent Gutierrez, Universit\u00e9 Paris 10 Nanterre. 4 d\u00e9cembre 2024.<\/p>\n\n\n\n<p style=\"font-size:15px\">\ud83d\udd37 <em>Chant et expression dans l&rsquo;Ami de l&rsquo;Enfance (1835-1896)<\/em> au Coll\u00e8ge S\u00e9vign\u00e9, dans le cadre du s\u00e9minaire <em>Actrices de la petite enfance<\/em>, organis\u00e9 par Christophe Joigneaux (CIRCEFT&nbsp;; UPEC), B\u00e9reng\u00e8re Kolly (LIS&nbsp;; UPEC)&nbsp;et Patricia Legris (Tempora&nbsp;; Rennes II), le 29 mai 2024.<\/p>\n\n\n\n<p style=\"font-size:15px\">\ud83d\udd37 <em>\u00c9tudier les salles d&rsquo;asiles, travailler \u00e0 l&rsquo;\u00e9cole maternelle. <\/em>S\u00e9minaire <em>Faire une th\u00e8se en sciences sociales <\/em>de Beno\u00eet Hachet \u00e0 l&rsquo;EHESS le 9 janvier 2023 (<a href=\"https:\/\/1drv.ms\/p\/s!AqA97GwtmQdzhK4IF_RGdSdMK87Brg?e=RR23ip\" target=\"_blank\" rel=\"noreferrer noopener\">diaporama de l&rsquo;intervention disponible ici<\/a>)<\/p>\n\n\n\n<p style=\"font-size:15px\">\ud83d\udd37 <em>Que peuvent nous apprendre les pratiques de l\u2019\u00e9cole maternelle sur l\u2019autonomie moderne\u2009?<\/em> S\u00e9minaire <em><a href=\"https:\/\/philosophiesciencessociales.blogspot.com\/2022\/03\/8-que-peuvent-nous-apprendre-les.html\" target=\"_blank\" rel=\"noreferrer noopener\">Philosophie et sciences sociales<\/a><\/em> de Pierre-Henri Castel \u00e0 l&rsquo;EHESS le 4 mars 2022 (<a href=\"https:\/\/benoitpeuch.com\/?page_id=1010\">texte de l&rsquo;intervention disponible ici<\/a>).<\/p>\n\n\n\n<p style=\"font-size:15px\">\ud83d\udd37 <em>Salles d\u2019asile et jardins d\u2019enfants. L\u2019expressivit\u00e9 enfantine dans les pratiques pr\u00e9scolaires modernes<\/em>, s\u00e9minaire&nbsp;<em>Histoire et sociologie de l\u2019\u00e9ducation et des institutions scolaires<\/em>,&nbsp;dirig\u00e9 par S\u00e9verine Chauvel, Cyril Lemieux et Emmanuel Saint-Fuscien \u00e0 l\u2019EHESS, s\u00e9ance du 9 janvier 2021 (<a href=\"https:\/\/benoitpeuch.com\/?page_id=920\">conducteur de l&rsquo;intervention disponible ici<\/a>)<\/p>\n\n\n\n<p class=\"has-text-align-center\"><strong>Enseignements<\/strong> (3 &#8211; 240h de TD)<\/p>\n\n\n\n<p style=\"font-size:15px\">\ud83d\udd37 2024-2026. Charge de cours, \u00ab\u00a0Pratiques de l\u2019\u00e9ducation nouvelle. Enfants sujets ou acteurs dans les institutions \u00e9ducatives\u00a0\u00bb \u00e0 destination de L1 en sciences de l&rsquo;\u00e9ducation, second semestre 2024-2025. Universit\u00e9 Paris 8. (48h de TD). Reconduit pour le second semestre 2025-2026 (48h de TD).<\/p>\n\n\n\n<p style=\"font-size:15px\">\ud83d\udd37 2024-2026. Charge de cours, \u00ab\u00a0Introduction \u00e0 l&rsquo;histoire des \u00e9ducations\u00a0\u00bb \u00e0 destination de L1 en sciences de l&rsquo;\u00e9ducation, premier semestre 2024-2025. Universit\u00e9 Paris 8. (96h de TD). Reconduit pour le premier semestre 2025-2026 (48h de TD).<\/p>\n\n\n\n<p class=\"has-text-align-center\"><strong>Organisation de s\u00e9minaire <\/strong>(1)<\/p>\n\n\n\n<p style=\"font-size:15px\">\ud83d\udd37 2024-2025. S\u00e9minaire, \u00ab\u00a0Les normes sociales : de la connaissance \u00e0 l\u2019individualisation\u00a0\u00bb, organis\u00e9 par Pierre-Henri Castel, Pierre-Fran\u00e7ois Mouraud et Beno\u00eet Peuch, EHESS.<\/p>\n\n\n\n<p class=\"has-text-align-center\"><strong><strong>Diffusion de la recherche<\/strong><\/strong> (1)<\/p>\n\n\n\n<p style=\"font-size:15px\">\ud83d\udd37 \u00ab L&rsquo;individualisation n&rsquo;est pas l&rsquo;autonomie \u00bb, texte<em> <\/em>publi\u00e9 dans <em><a href=\"https:\/\/lier-fyt.ehess.fr\/publication\/discontinuites\" target=\"_blank\" rel=\"noreferrer noopener\">Dis\/Continuit\u00e9<\/a><\/em>, publication collective interne au LIER-FYT, juin 2021 (<a href=\"https:\/\/benoitpeuch.com\/?page_id=817\">texte disponible ici<\/a>)<\/p>\n\n\n\n<p class=\"has-text-align-center\"><strong><strong>P\u00e9dagogie<\/strong><\/strong> (1)<\/p>\n\n\n\n<p style=\"font-size:15px\">\ud83d\udd37 \u00ab Le d\u00e9but de l&rsquo;apr\u00e8s-midi \u00bb, t\u00e9moignage d&rsquo;une exp\u00e9rimentation p\u00e9dagogique en classe dans le cadre de Cap maternelle publi\u00e9 dans <em><a href=\"https:\/\/www.cahiers-pedagogiques.com\/n-591-organiser-le-travail-de-la-classe\/\">Les Cahiers p\u00e9dagogiques<\/a><\/em> de f\u00e9vrier 2023, dans le cadre du dossier \u00ab\u00a0<a href=\"https:\/\/www.cahiers-pedagogiques.com\/n-591-organiser-le-travail-de-la-classe\/\">Organiser le travail de la classe<\/a>\u00a0\u00bb coordonn\u00e9 par Andrea Capitanescu Benetti et Sylvie Grau.<\/p>\n","protected":false},"excerpt":{"rendered":"<p>Parcours universitaire \ud83d\udd37 Qualification section 70, 2026. \ud83d\udd37 Doctorat de philosophie. La spontan\u00e9it\u00e9 r\u00e9gul\u00e9e. Enqu\u00eate sur les pratiques d\u2019autonomisation des enfants d\u2019\u00e2ge pr\u00e9scolaire dans les soci\u00e9t\u00e9s modernes, EHESS (LIER-FYT) dirig\u00e9 par Pierre-Henri Castel, soutenance le 27 septembre 2025. \ud83d\udd37 D.U. de Neuro\u00e9ducation, Universit\u00e9 Paris Cit\u00e9, 2023. \ud83d\udd37 Master de philosophie. Le probl\u00e8me de la kinesth\u00e8se &hellip; <a href=\"https:\/\/benoitpeuch.com\/?page_id=812\" class=\"more-link\">Continuer la lecture de <span class=\"screen-reader-text\">CV acad\u00e9mique<\/span><\/a><\/p>\n","protected":false},"author":1,"featured_media":0,"parent":0,"menu_order":0,"comment_status":"closed","ping_status":"closed","template":"","meta":{"footnotes":""},"class_list":["post-812","page","type-page","status-publish","hentry"],"_links":{"self":[{"href":"https:\/\/benoitpeuch.com\/index.php?rest_route=\/wp\/v2\/pages\/812","targetHints":{"allow":["GET"]}}],"collection":[{"href":"https:\/\/benoitpeuch.com\/index.php?rest_route=\/wp\/v2\/pages"}],"about":[{"href":"https:\/\/benoitpeuch.com\/index.php?rest_route=\/wp\/v2\/types\/page"}],"author":[{"embeddable":true,"href":"https:\/\/benoitpeuch.com\/index.php?rest_route=\/wp\/v2\/users\/1"}],"replies":[{"embeddable":true,"href":"https:\/\/benoitpeuch.com\/index.php?rest_route=%2Fwp%2Fv2%2Fcomments&post=812"}],"version-history":[{"count":5,"href":"https:\/\/benoitpeuch.com\/index.php?rest_route=\/wp\/v2\/pages\/812\/revisions"}],"predecessor-version":[{"id":5089,"href":"https:\/\/benoitpeuch.com\/index.php?rest_route=\/wp\/v2\/pages\/812\/revisions\/5089"}],"wp:attachment":[{"href":"https:\/\/benoitpeuch.com\/index.php?rest_route=%2Fwp%2Fv2%2Fmedia&parent=812"}],"curies":[{"name":"wp","href":"https:\/\/api.w.org\/{rel}","templated":true}]}}