{"id":886,"date":"2020-11-06T18:19:46","date_gmt":"2020-11-06T17:19:46","guid":{"rendered":"http:\/\/benoitpeuch.com\/?page_id=886"},"modified":"2023-10-25T08:00:32","modified_gmt":"2023-10-25T06:00:32","slug":"textes-en-ligne","status":"publish","type":"page","link":"https:\/\/benoitpeuch.com\/?page_id=886","title":{"rendered":"Textes en ligne"},"content":{"rendered":"\n<p class=\"has-text-align-center has-large-font-size\">\ud83d\udd34 \ud83d\udfe0 \ud83d\udfe1 \ud83d\udfe2 \ud83d\udd35 <\/p>\n\n\n\n<p class=\"has-medium-font-size\"><strong>2023<\/strong><\/p>\n\n\n\n<p style=\"font-size:15px\">\u25ba <em>Faire l\u2019histoire conceptuelle de l\u2019\u00e9ducation pr\u00e9scolaire pour r\u00e9fl\u00e9chir sur l\u2019autonomie moderne<\/em>, expos\u00e9 pr\u00e9sent\u00e9 \u00e0 la <em>2e journ\u00e9es des jeunes chercheurs en philosophie de l\u2019\u00e9ducation<\/em> \u00e0 l\u2019Universit\u00e9 de Tours, co-organis\u00e9es par la Soci\u00e9t\u00e9 Francophone de Philosophie<br>de l\u2019Education (Sofphied) et l\u2019\u00e9quipe EA7505 Education,<br>Ethique et Sant\u00e9 (EES) de l\u2019Universit\u00e9 de Tours, le 23 octobre 2023 (<a href=\"https:\/\/benoitpeuch.com\/?page_id=1773\" data-type=\"link\" data-id=\"https:\/\/benoitpeuch.com\/?page_id=1773\">en ligne<\/a>)<\/p>\n\n\n\n<p style=\"font-size:15px\">\u25ba <em>Histoire conceptuelle et anthropologie philosophique de la modernit\u00e9 (CST 2023)<\/em>, extrait d&rsquo;un document r\u00e9dig\u00e9 pour un comit\u00e9 de suivi de th\u00e8se ayant eu lieu en juillet 2023 (<a rel=\"noreferrer noopener\" href=\"https:\/\/benoitpeuch.com\/?page_id=1709\" target=\"_blank\">en ligne<\/a>)<\/p>\n\n\n\n<p class=\"has-medium-font-size\"><strong>2022<\/strong><\/p>\n\n\n\n<p style=\"font-size:15px\">\u25ba <em>\u00c9ducation, civilisation, modernisation<\/em> <em>(CST 2022)<\/em>, extrait d&rsquo;un document r\u00e9dig\u00e9 pour un comit\u00e9 de suivi de th\u00e8se ayant eu lieu en juillet 2022 (<a href=\"https:\/\/benoitpeuch.com\/?page_id=1043\">disponible ici<\/a>)<\/p>\n\n\n\n<p style=\"font-size:15px\">\u25ba <em>Que peuvent nous apprendre les pratiques de l\u2019\u00e9cole maternelle sur l\u2019autonomie moderne\u2009?<\/em> Expos\u00e9 pour le s\u00e9minaire <em><a rel=\"noreferrer noopener\" href=\"https:\/\/philosophiesciencessociales.blogspot.com\/2022\/03\/8-que-peuvent-nous-apprendre-les.html\" target=\"_blank\">Philosophie et sciences sociales<\/a><\/em>, 4 mars 2022 (<a href=\"https:\/\/benoitpeuch.com\/?page_id=1010\">disponible ici<\/a>)<\/p>\n\n\n\n<p class=\"has-medium-font-size\"><strong>2021<\/strong><\/p>\n\n\n\n<p style=\"font-size:15px\">\u25ba <em>Salles d&rsquo;asile et jardins d&rsquo;enfants. L&rsquo;expressivit\u00e9 enfantine dans les pratiques pr\u00e9scolaires modernes<\/em>, conducteur d&rsquo;un expos\u00e9 pour l\u2019atelier <em>Histoire et sociologie de l\u2019\u00e9ducation et des institutions scolaires<\/em> \u00e0 l\u2019EHESS, s\u00e9ance du 9 janvier 2021 (<a href=\"https:\/\/benoitpeuch.com\/?page_id=920\">disponible ici<\/a>)<\/p>\n\n\n\n<p class=\"has-medium-font-size\"><strong>2020<\/strong><\/p>\n\n\n\n<p style=\"font-size:15px\">\u25ba Courte pr\u00e9sentation de mon projet de th\u00e8se r\u00e9dig\u00e9e pour l\u2019atelier <em>Histoire et sociologie de l\u2019\u00e9ducation et des institutions scolaires<\/em> \u00e0 l\u2019EHESS, s\u00e9ance du 7 novembre 2020 (<a href=\"https:\/\/benoitpeuch.com\/?page_id=901\">disponible ici<\/a>)<\/p>\n\n\n\n<p style=\"font-size:15px\">\u25ba \u00ab L&rsquo;individualisation n&rsquo;est pas l&rsquo;autonomie \u00bb, texte \u00e9crit pour la lettre du LIER-FYT du 16 mai 2020 (<a href=\"https:\/\/benoitpeuch.com\/?page_id=817\">disponible ici<\/a>)<\/p>\n\n\n\n<p class=\"has-medium-font-size\"><strong>2019<\/strong><\/p>\n\n\n\n<p style=\"font-size:15px\">\u25ba Projet de th\u00e8se, juin 2019 (<a href=\"https:\/\/benoitpeuch.com\/?page_id=28\">disponible ici<\/a>)<\/p>\n","protected":false},"excerpt":{"rendered":"<p>\ud83d\udd34 \ud83d\udfe0 \ud83d\udfe1 \ud83d\udfe2 \ud83d\udd35 2023 \u25ba Faire l\u2019histoire conceptuelle de l\u2019\u00e9ducation pr\u00e9scolaire pour r\u00e9fl\u00e9chir sur l\u2019autonomie moderne, expos\u00e9 pr\u00e9sent\u00e9 \u00e0 la 2e journ\u00e9es des jeunes chercheurs en philosophie de l\u2019\u00e9ducation \u00e0 l\u2019Universit\u00e9 de Tours, co-organis\u00e9es par la Soci\u00e9t\u00e9 Francophone de Philosophiede l\u2019Education (Sofphied) et l\u2019\u00e9quipe EA7505 Education,Ethique et Sant\u00e9 (EES) de l\u2019Universit\u00e9 de Tours, &hellip; <a href=\"https:\/\/benoitpeuch.com\/?page_id=886\" class=\"more-link\">Continuer la lecture de <span class=\"screen-reader-text\">Textes en ligne<\/span><\/a><\/p>\n","protected":false},"author":1,"featured_media":0,"parent":0,"menu_order":0,"comment_status":"closed","ping_status":"closed","template":"","meta":{"footnotes":""},"class_list":["post-886","page","type-page","status-publish","hentry"],"_links":{"self":[{"href":"https:\/\/benoitpeuch.com\/index.php?rest_route=\/wp\/v2\/pages\/886","targetHints":{"allow":["GET"]}}],"collection":[{"href":"https:\/\/benoitpeuch.com\/index.php?rest_route=\/wp\/v2\/pages"}],"about":[{"href":"https:\/\/benoitpeuch.com\/index.php?rest_route=\/wp\/v2\/types\/page"}],"author":[{"embeddable":true,"href":"https:\/\/benoitpeuch.com\/index.php?rest_route=\/wp\/v2\/users\/1"}],"replies":[{"embeddable":true,"href":"https:\/\/benoitpeuch.com\/index.php?rest_route=%2Fwp%2Fv2%2Fcomments&post=886"}],"version-history":[{"count":0,"href":"https:\/\/benoitpeuch.com\/index.php?rest_route=\/wp\/v2\/pages\/886\/revisions"}],"wp:attachment":[{"href":"https:\/\/benoitpeuch.com\/index.php?rest_route=%2Fwp%2Fv2%2Fmedia&parent=886"}],"curies":[{"name":"wp","href":"https:\/\/api.w.org\/{rel}","templated":true}]}}